{"id":22,"date":"2024-02-02T14:38:13","date_gmt":"2024-02-02T19:38:13","guid":{"rendered":"https:\/\/villavecesimmigration.com\/?page_id=22"},"modified":"2024-08-14T18:42:55","modified_gmt":"2024-08-14T23:42:55","slug":"inicio","status":"publish","type":"page","link":"https:\/\/villavecesimmigration.com\/es\/","title":{"rendered":"Inicio"},"content":{"rendered":"<div data-elementor-type=\"wp-page\" data-elementor-id=\"22\" class=\"elementor elementor-22\" data-elementor-post-type=\"page\">\n\t\t\t\t<div class=\"elementor-element elementor-element-10bf93f e-flex e-con-boxed e-con e-parent\" data-id=\"10bf93f\" data-element_type=\"container\" data-e-type=\"container\" data-settings=\"{&quot;background_background&quot;:&quot;classic&quot;}\">\n\t\t\t\t\t<div class=\"e-con-inner\">\n\t\t<div class=\"elementor-element elementor-element-bf2372a e-con-full e-flex e-con e-child\" data-id=\"bf2372a\" data-element_type=\"container\" data-e-type=\"container\">\n\t\t\t\t<div class=\"elementor-element elementor-element-f08636e elementor-widget elementor-widget-image\" data-id=\"f08636e\" data-element_type=\"widget\" data-e-type=\"widget\" data-widget_type=\"image.default\">\n\t\t\t\t<div class=\"elementor-widget-container\">\n\t\t\t\t\t\t\t\t\t\t\t\t\t\t\t<img fetchpriority=\"high\" decoding=\"async\" width=\"138\" height=\"506\" src=\"https:\/\/villavecesimmigration.com\/wp-content\/uploads\/2024\/02\/Group-3.png\" class=\"attachment-large size-large wp-image-48\" alt=\"\" srcset=\"https:\/\/villavecesimmigration.com\/wp-content\/uploads\/2024\/02\/Group-3.png 138w, https:\/\/villavecesimmigration.com\/wp-content\/uploads\/2024\/02\/Group-3-82x300.png 82w, https:\/\/villavecesimmigration.com\/wp-content\/uploads\/2024\/02\/Group-3-3x12.png 3w\" sizes=\"(max-width: 138px) 100vw, 138px\" \/>\t\t\t\t\t\t\t\t\t\t\t\t\t\t\t<\/div>\n\t\t\t\t<\/div>\n\t\t\t\t<\/div>\n\t\t\t\t<div class=\"elementor-element elementor-element-c8ddc7a elementor-widget__width-initial elementor-widget elementor-widget-image\" data-id=\"c8ddc7a\" data-element_type=\"widget\" data-e-type=\"widget\" data-widget_type=\"image.default\">\n\t\t\t\t<div class=\"elementor-widget-container\">\n\t\t\t\t\t\t\t\t\t\t\t\t\t\t\t<img decoding=\"async\" width=\"800\" height=\"800\" src=\"https:\/\/villavecesimmigration.com\/wp-content\/uploads\/2024\/02\/VI-enviado-por-DA-1024x1024.jpeg\" class=\"attachment-large size-large wp-image-554\" alt=\"\" srcset=\"https:\/\/villavecesimmigration.com\/wp-content\/uploads\/2024\/02\/VI-enviado-por-DA-1024x1024.jpeg 1024w, https:\/\/villavecesimmigration.com\/wp-content\/uploads\/2024\/02\/VI-enviado-por-DA-300x300.jpeg 300w, https:\/\/villavecesimmigration.com\/wp-content\/uploads\/2024\/02\/VI-enviado-por-DA-150x150.jpeg 150w, https:\/\/villavecesimmigration.com\/wp-content\/uploads\/2024\/02\/VI-enviado-por-DA-768x768.jpeg 768w, https:\/\/villavecesimmigration.com\/wp-content\/uploads\/2024\/02\/VI-enviado-por-DA-1536x1536.jpeg 1536w, https:\/\/villavecesimmigration.com\/wp-content\/uploads\/2024\/02\/VI-enviado-por-DA-12x12.jpeg 12w, https:\/\/villavecesimmigration.com\/wp-content\/uploads\/2024\/02\/VI-enviado-por-DA.jpeg 1800w\" sizes=\"(max-width: 800px) 100vw, 800px\" \/>\t\t\t\t\t\t\t\t\t\t\t\t\t\t\t<\/div>\n\t\t\t\t<\/div>\n\t\t<div class=\"elementor-element elementor-element-b4dfc15 e-con-full e-flex e-con e-child\" data-id=\"b4dfc15\" data-element_type=\"container\" data-e-type=\"container\">\n\t\t\t\t<div class=\"elementor-element elementor-element-3258869 elementor-widget__width-initial elementor-widget elementor-widget-heading\" data-id=\"3258869\" data-element_type=\"widget\" data-e-type=\"widget\" data-widget_type=\"heading.default\">\n\t\t\t\t<div class=\"elementor-widget-container\">\n\t\t\t\t\t<h4 class=\"elementor-heading-title elementor-size-default\">L'immigration au Canada est complexe d\u00fb au nombre de lois et r\u00e8glements qui, en plus, changent constamment. \u00catre acompagn\u00e9(e) d'une experte facilitera votre parcours. <\/h4>\t\t\t\t<\/div>\n\t\t\t\t<\/div>\n\t\t\t\t<div class=\"elementor-element elementor-element-497b852 elementor-widget__width-initial elementor-widget elementor-widget-heading\" data-id=\"497b852\" data-element_type=\"widget\" data-e-type=\"widget\" data-widget_type=\"heading.default\">\n\t\t\t\t<div class=\"elementor-widget-container\">\n\t\t\t\t\t<h6 class=\"elementor-heading-title elementor-size-default\">Mon objectif: vous aider avec vos d\u00e9marches d'immigration au Canada. <\/h6>\t\t\t\t<\/div>\n\t\t\t\t<\/div>\n\t\t\t\t<div class=\"elementor-element elementor-element-4a93721 elementor-widget__width-initial elementor-widget elementor-widget-heading\" data-id=\"4a93721\" data-element_type=\"widget\" data-e-type=\"widget\" data-widget_type=\"heading.default\">\n\t\t\t\t<div class=\"elementor-widget-container\">\n\t\t\t\t\t<h2 class=\"elementor-heading-title elementor-size-default\">Maria Villaveces, \nPhD, CRIC<br>\n <span class=\"ILfuVd\" lang=\"en\"><span class=\"hgKElc\">R-713214 &amp; MIFI 12213<\/span><\/span><\/h2>\t\t\t\t<\/div>\n\t\t\t\t<\/div>\n\t\t\t\t<div class=\"elementor-element elementor-element-f3d0d9e elementor-widget__width-initial elementor-widget elementor-widget-heading\" data-id=\"f3d0d9e\" data-element_type=\"widget\" data-e-type=\"widget\" data-widget_type=\"heading.default\">\n\t\t\t\t<div class=\"elementor-widget-container\">\n\t\t\t\t\t<h4 class=\"elementor-heading-title elementor-size-default\">Immigration to Canada is complex due to the number of laws and regulations and their permanent turnover. Be with an expert will facilitate your journey.<\/h4>\t\t\t\t<\/div>\n\t\t\t\t<\/div>\n\t\t\t\t<div class=\"elementor-element elementor-element-ddae30b elementor-widget__width-initial elementor-widget elementor-widget-heading\" data-id=\"ddae30b\" data-element_type=\"widget\" data-e-type=\"widget\" data-widget_type=\"heading.default\">\n\t\t\t\t<div class=\"elementor-widget-container\">\n\t\t\t\t\t<h6 class=\"elementor-heading-title elementor-size-default\">My objective: To help you to undertake your Canadian immigration process. <\/h6>\t\t\t\t<\/div>\n\t\t\t\t<\/div>\n\t\t\t\t<div class=\"elementor-element elementor-element-bb6d018 elementor-align-justify elementor-widget elementor-widget-button\" data-id=\"bb6d018\" data-element_type=\"widget\" data-e-type=\"widget\" data-widget_type=\"button.default\">\n\t\t\t\t<div class=\"elementor-widget-container\">\n\t\t\t\t\t\t\t\t\t<div class=\"elementor-button-wrapper\">\n\t\t\t\t\t<a class=\"elementor-button elementor-button-link elementor-size-sm\" href=\"https:\/\/villavecesimmigration.com\/es\/contactanos\/\">\n\t\t\t\t\t\t<span class=\"elementor-button-content-wrapper\">\n\t\t\t\t\t\t\t\t\t<span class=\"elementor-button-text\">APPOINTMENT  \/ RENDEZ VOUS<\/span>\n\t\t\t\t\t<\/span>\n\t\t\t\t\t<\/a>\n\t\t\t\t<\/div>\n\t\t\t\t\t\t\t\t<\/div>\n\t\t\t\t<\/div>\n\t\t\t\t<\/div>\n\t\t<div class=\"elementor-element elementor-element-bf9c843 e-con-full e-flex e-con e-child\" data-id=\"bf9c843\" data-element_type=\"container\" data-e-type=\"container\">\n\t\t\t\t<div class=\"elementor-element elementor-element-a9e32e8 elementor-widget__width-initial elementor-widget elementor-widget-image\" data-id=\"a9e32e8\" data-element_type=\"widget\" data-e-type=\"widget\" data-widget_type=\"image.default\">\n\t\t\t\t<div class=\"elementor-widget-container\">\n\t\t\t\t\t\t\t\t\t\t\t\t\t\t\t<img decoding=\"async\" width=\"1152\" height=\"1536\" src=\"https:\/\/villavecesimmigration.com\/wp-content\/uploads\/2024\/08\/WhatsApp-Image-2024-08-02-at-2.55.33-PM-1152x1536.jpeg\" class=\"attachment-1536x1536 size-1536x1536 wp-image-579\" alt=\"\" srcset=\"https:\/\/villavecesimmigration.com\/wp-content\/uploads\/2024\/08\/WhatsApp-Image-2024-08-02-at-2.55.33-PM-1152x1536.jpeg 1152w, https:\/\/villavecesimmigration.com\/wp-content\/uploads\/2024\/08\/WhatsApp-Image-2024-08-02-at-2.55.33-PM-225x300.jpeg 225w, https:\/\/villavecesimmigration.com\/wp-content\/uploads\/2024\/08\/WhatsApp-Image-2024-08-02-at-2.55.33-PM-768x1024.jpeg 768w, https:\/\/villavecesimmigration.com\/wp-content\/uploads\/2024\/08\/WhatsApp-Image-2024-08-02-at-2.55.33-PM-9x12.jpeg 9w, https:\/\/villavecesimmigration.com\/wp-content\/uploads\/2024\/08\/WhatsApp-Image-2024-08-02-at-2.55.33-PM.jpeg 1200w\" sizes=\"(max-width: 1152px) 100vw, 1152px\" \/>\t\t\t\t\t\t\t\t\t\t\t\t\t\t\t<\/div>\n\t\t\t\t<\/div>\n\t\t\t\t<\/div>\n\t\t\t\t\t<\/div>\n\t\t\t\t<\/div>\n\t\t<div class=\"elementor-element elementor-element-7ade929 e-flex e-con-boxed e-con e-parent\" data-id=\"7ade929\" data-element_type=\"container\" data-e-type=\"container\" data-settings=\"{&quot;background_background&quot;:&quot;classic&quot;}\">\n\t\t\t\t\t<div class=\"e-con-inner\">\n\t\t\t\t<div class=\"elementor-element elementor-element-48c631c elementor-widget__width-initial elementor-widget elementor-widget-heading\" data-id=\"48c631c\" data-element_type=\"widget\" data-e-type=\"widget\" data-widget_type=\"heading.default\">\n\t\t\t\t<div class=\"elementor-widget-container\">\n\t\t\t\t\t<h2 class=\"elementor-heading-title elementor-size-default\">FRAN\u00c7AIS, ENGLISH, ESPA\u00d1OL<\/h2>\t\t\t\t<\/div>\n\t\t\t\t<\/div>\n\t\t<div class=\"elementor-element elementor-element-76d34a5 e-con-full e-flex e-con e-child\" data-id=\"76d34a5\" data-element_type=\"container\" data-e-type=\"container\">\n\t\t\t\t<\/div>\n\t\t\t\t\t<\/div>\n\t\t\t\t<\/div>\n\t\t<div class=\"elementor-element elementor-element-c702e71 e-flex e-con-boxed e-con e-parent\" data-id=\"c702e71\" data-element_type=\"container\" data-e-type=\"container\" data-settings=\"{&quot;background_background&quot;:&quot;classic&quot;}\">\n\t\t\t\t\t<div class=\"e-con-inner\">\n\t\t<div class=\"elementor-element elementor-element-bb7ba3a e-con-full elementor-hidden-mobile e-flex e-con e-child\" data-id=\"bb7ba3a\" data-element_type=\"container\" data-e-type=\"container\">\n\t\t\t\t<div class=\"elementor-element elementor-element-1f87289 elementor-widget elementor-widget-image\" data-id=\"1f87289\" data-element_type=\"widget\" data-e-type=\"widget\" data-widget_type=\"image.default\">\n\t\t\t\t<div class=\"elementor-widget-container\">\n\t\t\t\t\t\t\t\t\t\t\t\t\t\t\t<img loading=\"lazy\" decoding=\"async\" width=\"137\" height=\"506\" src=\"https:\/\/villavecesimmigration.com\/wp-content\/uploads\/2024\/02\/forma-2-2.png\" class=\"attachment-large size-large wp-image-56\" alt=\"\" srcset=\"https:\/\/villavecesimmigration.com\/wp-content\/uploads\/2024\/02\/forma-2-2.png 137w, https:\/\/villavecesimmigration.com\/wp-content\/uploads\/2024\/02\/forma-2-2-81x300.png 81w, https:\/\/villavecesimmigration.com\/wp-content\/uploads\/2024\/02\/forma-2-2-3x12.png 3w\" sizes=\"(max-width: 137px) 100vw, 137px\" \/>\t\t\t\t\t\t\t\t\t\t\t\t\t\t\t<\/div>\n\t\t\t\t<\/div>\n\t\t\t\t<\/div>\n\t\t<div class=\"elementor-element elementor-element-eb90beb e-con-full e-flex e-con e-child\" data-id=\"eb90beb\" data-element_type=\"container\" data-e-type=\"container\">\n\t\t\t\t<div class=\"elementor-element elementor-element-21a8ae7 elementor-widget elementor-widget-heading\" data-id=\"21a8ae7\" data-element_type=\"widget\" data-e-type=\"widget\" data-widget_type=\"heading.default\">\n\t\t\t\t<div class=\"elementor-widget-container\">\n\t\t\t\t\t<h6 class=\"elementor-heading-title elementor-size-default\">RESIDENCE PERMANENTE\nPERMANENT RESIDENCY <\/h6>\t\t\t\t<\/div>\n\t\t\t\t<\/div>\n\t\t\t\t<div class=\"elementor-element elementor-element-9cee86a elementor-widget elementor-widget-image\" data-id=\"9cee86a\" data-element_type=\"widget\" data-e-type=\"widget\" data-widget_type=\"image.default\">\n\t\t\t\t<div class=\"elementor-widget-container\">\n\t\t\t\t\t\t\t\t\t\t\t\t\t\t\t<img loading=\"lazy\" decoding=\"async\" width=\"115\" height=\"105\" src=\"https:\/\/villavecesimmigration.com\/wp-content\/uploads\/2024\/02\/Group-1-1.png\" class=\"attachment-large size-large wp-image-72\" alt=\"\" srcset=\"https:\/\/villavecesimmigration.com\/wp-content\/uploads\/2024\/02\/Group-1-1.png 115w, https:\/\/villavecesimmigration.com\/wp-content\/uploads\/2024\/02\/Group-1-1-13x12.png 13w\" sizes=\"(max-width: 115px) 100vw, 115px\" \/>\t\t\t\t\t\t\t\t\t\t\t\t\t\t\t<\/div>\n\t\t\t\t<\/div>\n\t\t\t\t<div class=\"elementor-element elementor-element-63265bb elementor-widget elementor-widget-text-editor\" data-id=\"63265bb\" data-element_type=\"widget\" data-e-type=\"widget\" data-widget_type=\"text-editor.default\">\n\t\t\t\t<div class=\"elementor-widget-container\">\n\t\t\t\t\t\t\t\t\t<p>Entry Express &amp; Qu\u00e9bec CSQ.<\/p>\t\t\t\t\t\t\t\t<\/div>\n\t\t\t\t<\/div>\n\t\t\t\t<\/div>\n\t\t<div class=\"elementor-element elementor-element-07fa498 e-con-full e-flex e-con e-child\" data-id=\"07fa498\" data-element_type=\"container\" data-e-type=\"container\">\n\t\t\t\t<div class=\"elementor-element elementor-element-5f73342 elementor-widget elementor-widget-heading\" data-id=\"5f73342\" data-element_type=\"widget\" data-e-type=\"widget\" data-widget_type=\"heading.default\">\n\t\t\t\t<div class=\"elementor-widget-container\">\n\t\t\t\t\t<h6 class=\"elementor-heading-title elementor-size-default\">RESIDENCE TEMPORAIRE TEMPORARY RESIDENCE<\/h6>\t\t\t\t<\/div>\n\t\t\t\t<\/div>\n\t\t\t\t<div class=\"elementor-element elementor-element-ba217c3 elementor-widget elementor-widget-image\" data-id=\"ba217c3\" data-element_type=\"widget\" data-e-type=\"widget\" data-widget_type=\"image.default\">\n\t\t\t\t<div class=\"elementor-widget-container\">\n\t\t\t\t\t\t\t\t\t\t\t\t\t\t\t<img loading=\"lazy\" decoding=\"async\" width=\"87\" height=\"105\" src=\"https:\/\/villavecesimmigration.com\/wp-content\/uploads\/2024\/02\/Group-2.png\" class=\"attachment-large size-large wp-image-57\" alt=\"\" srcset=\"https:\/\/villavecesimmigration.com\/wp-content\/uploads\/2024\/02\/Group-2.png 87w, https:\/\/villavecesimmigration.com\/wp-content\/uploads\/2024\/02\/Group-2-10x12.png 10w\" sizes=\"(max-width: 87px) 100vw, 87px\" \/>\t\t\t\t\t\t\t\t\t\t\t\t\t\t\t<\/div>\n\t\t\t\t<\/div>\n\t\t\t\t<div class=\"elementor-element elementor-element-7356a92 elementor-widget elementor-widget-text-editor\" data-id=\"7356a92\" data-element_type=\"widget\" data-e-type=\"widget\" data-widget_type=\"text-editor.default\">\n\t\t\t\t<div class=\"elementor-widget-container\">\n\t\t\t\t\t\t\t\t\t<p>Qu\u00e9bec CAQ &amp; Work Permit, Study Permit<\/p>\t\t\t\t\t\t\t\t<\/div>\n\t\t\t\t<\/div>\n\t\t\t\t<\/div>\n\t\t<div class=\"elementor-element elementor-element-b7dada2 e-con-full e-flex e-con e-child\" data-id=\"b7dada2\" data-element_type=\"container\" data-e-type=\"container\">\n\t\t\t\t<div class=\"elementor-element elementor-element-f6c8570 elementor-widget elementor-widget-heading\" data-id=\"f6c8570\" data-element_type=\"widget\" data-e-type=\"widget\" data-widget_type=\"heading.default\">\n\t\t\t\t<div class=\"elementor-widget-container\">\n\t\t\t\t\t<h6 class=\"elementor-heading-title elementor-size-default\">CIUDADAN\u00cdA CANADIENSE<\/h6>\t\t\t\t<\/div>\n\t\t\t\t<\/div>\n\t\t\t\t<div class=\"elementor-element elementor-element-76a8a66 elementor-widget elementor-widget-image\" data-id=\"76a8a66\" data-element_type=\"widget\" data-e-type=\"widget\" data-widget_type=\"image.default\">\n\t\t\t\t<div class=\"elementor-widget-container\">\n\t\t\t\t\t\t\t\t\t\t\t\t\t\t\t<img loading=\"lazy\" decoding=\"async\" width=\"115\" height=\"105\" src=\"https:\/\/villavecesimmigration.com\/wp-content\/uploads\/2024\/02\/Group-1-1.png\" class=\"attachment-large size-large wp-image-72\" alt=\"\" srcset=\"https:\/\/villavecesimmigration.com\/wp-content\/uploads\/2024\/02\/Group-1-1.png 115w, https:\/\/villavecesimmigration.com\/wp-content\/uploads\/2024\/02\/Group-1-1-13x12.png 13w\" sizes=\"(max-width: 115px) 100vw, 115px\" \/>\t\t\t\t\t\t\t\t\t\t\t\t\t\t\t<\/div>\n\t\t\t\t<\/div>\n\t\t\t\t<div class=\"elementor-element elementor-element-e0fb84c elementor-widget elementor-widget-text-editor\" data-id=\"e0fb84c\" data-element_type=\"widget\" data-e-type=\"widget\" data-widget_type=\"text-editor.default\">\n\t\t\t\t<div class=\"elementor-widget-container\">\n\t\t\t\t\t\t\t\t\t<p>Exam, Passports<\/p>\t\t\t\t\t\t\t\t<\/div>\n\t\t\t\t<\/div>\n\t\t\t\t<\/div>\n\t\t<div class=\"elementor-element elementor-element-d8c88e2 e-con-full e-flex e-con e-child\" data-id=\"d8c88e2\" data-element_type=\"container\" data-e-type=\"container\">\n\t\t\t\t<div class=\"elementor-element elementor-element-2ba89f9 elementor-widget elementor-widget-heading\" data-id=\"2ba89f9\" data-element_type=\"widget\" data-e-type=\"widget\" data-widget_type=\"heading.default\">\n\t\t\t\t<div class=\"elementor-widget-container\">\n\t\t\t\t\t<h6 class=\"elementor-heading-title elementor-size-default\">REFUGIO<\/h6>\t\t\t\t<\/div>\n\t\t\t\t<\/div>\n\t\t\t\t<div class=\"elementor-element elementor-element-281f75f elementor-widget elementor-widget-image\" data-id=\"281f75f\" data-element_type=\"widget\" data-e-type=\"widget\" data-widget_type=\"image.default\">\n\t\t\t\t<div class=\"elementor-widget-container\">\n\t\t\t\t\t\t\t\t\t\t\t\t\t\t\t<img loading=\"lazy\" decoding=\"async\" width=\"87\" height=\"105\" src=\"https:\/\/villavecesimmigration.com\/wp-content\/uploads\/2024\/02\/Group-2.png\" class=\"attachment-large size-large wp-image-57\" alt=\"\" srcset=\"https:\/\/villavecesimmigration.com\/wp-content\/uploads\/2024\/02\/Group-2.png 87w, https:\/\/villavecesimmigration.com\/wp-content\/uploads\/2024\/02\/Group-2-10x12.png 10w\" sizes=\"(max-width: 87px) 100vw, 87px\" \/>\t\t\t\t\t\t\t\t\t\t\t\t\t\t\t<\/div>\n\t\t\t\t<\/div>\n\t\t\t\t<div class=\"elementor-element elementor-element-8ceaa2b elementor-widget elementor-widget-text-editor\" data-id=\"8ceaa2b\" data-element_type=\"widget\" data-e-type=\"widget\" data-widget_type=\"text-editor.default\">\n\t\t\t\t<div class=\"elementor-widget-container\">\n\t\t\t\t\t\t\t\t\t<p><span class=\"BxUVEf ILfuVd\" lang=\"fr\"><span class=\"hgKElc\">Protection \u00e0 personne qui craint \u00eatre pers\u00e9cut\u00e9e. Asylum seekers. <b><br \/><\/b><\/span><\/span><\/p>\t\t\t\t\t\t\t\t<\/div>\n\t\t\t\t<\/div>\n\t\t\t\t<\/div>\n\t\t\t\t\t<\/div>\n\t\t\t\t<\/div>\n\t\t<div class=\"elementor-element elementor-element-57e2092 e-con-full e-flex e-con e-parent\" data-id=\"57e2092\" data-element_type=\"container\" data-e-type=\"container\" data-settings=\"{&quot;background_background&quot;:&quot;classic&quot;}\">\n\t\t<div class=\"elementor-element elementor-element-201eaad e-con-full e-flex e-con e-child\" data-id=\"201eaad\" data-element_type=\"container\" data-e-type=\"container\">\n\t\t\t\t<div class=\"elementor-element elementor-element-8dd50cd elementor-widget elementor-widget-heading\" data-id=\"8dd50cd\" data-element_type=\"widget\" data-e-type=\"widget\" data-widget_type=\"heading.default\">\n\t\t\t\t<div class=\"elementor-widget-container\">\n\t\t\t\t\t<h2 class=\"elementor-heading-title elementor-size-default\">500,000+<\/h2>\t\t\t\t<\/div>\n\t\t\t\t<\/div>\n\t\t\t\t<div class=\"elementor-element elementor-element-ef02584 elementor-widget elementor-widget-spacer\" data-id=\"ef02584\" data-element_type=\"widget\" data-e-type=\"widget\" data-widget_type=\"spacer.default\">\n\t\t\t\t<div class=\"elementor-widget-container\">\n\t\t\t\t\t\t\t<div class=\"elementor-spacer\">\n\t\t\t<div class=\"elementor-spacer-inner\"><\/div>\n\t\t<\/div>\n\t\t\t\t\t\t<\/div>\n\t\t\t\t<\/div>\n\t\t\t\t<div class=\"elementor-element elementor-element-489a545 elementor-widget elementor-widget-text-editor\" data-id=\"489a545\" data-element_type=\"widget\" data-e-type=\"widget\" data-widget_type=\"text-editor.default\">\n\t\t\t\t<div class=\"elementor-widget-container\">\n\t\t\t\t\t\t\t\t\t<h5>Immigrants que le gouvernent canadien pr\u00e9voit recevoir en 2024<\/h5><h5>Immigrats that Canadian government foresee to welcome in 2024 \/<\/h5><h5>\u00a0<\/h5>\t\t\t\t\t\t\t\t<\/div>\n\t\t\t\t<\/div>\n\t\t\t\t<\/div>\n\t\t<div class=\"elementor-element elementor-element-5fc8a82 e-con-full e-flex e-con e-child\" data-id=\"5fc8a82\" data-element_type=\"container\" data-e-type=\"container\">\n\t\t\t\t<div class=\"elementor-element elementor-element-70c4d5a elementor-widget elementor-widget-heading\" data-id=\"70c4d5a\" data-element_type=\"widget\" data-e-type=\"widget\" data-widget_type=\"heading.default\">\n\t\t\t\t<div class=\"elementor-widget-container\">\n\t\t\t\t\t<h2 class=\"elementor-heading-title elementor-size-default\">10+<\/h2>\t\t\t\t<\/div>\n\t\t\t\t<\/div>\n\t\t\t\t<div class=\"elementor-element elementor-element-8d0c334 elementor-widget elementor-widget-spacer\" data-id=\"8d0c334\" data-element_type=\"widget\" data-e-type=\"widget\" data-widget_type=\"spacer.default\">\n\t\t\t\t<div class=\"elementor-widget-container\">\n\t\t\t\t\t\t\t<div class=\"elementor-spacer\">\n\t\t\t<div class=\"elementor-spacer-inner\"><\/div>\n\t\t<\/div>\n\t\t\t\t\t\t<\/div>\n\t\t\t\t<\/div>\n\t\t\t\t<div class=\"elementor-element elementor-element-2c63b9a elementor-widget elementor-widget-text-editor\" data-id=\"2c63b9a\" data-element_type=\"widget\" data-e-type=\"widget\" data-widget_type=\"text-editor.default\">\n\t\t\t\t<div class=\"elementor-widget-container\">\n\t\t\t\t\t\t\t\t\t<h5>Federal and provincial programs available for obtaining the permanent residency<\/h5><h5>Programmes f\u00e9d\u00e9raux et provinciaux disponible pour obtenir la r\u00e9sidence permanente.<\/h5><h5>\u00a0<\/h5>\t\t\t\t\t\t\t\t<\/div>\n\t\t\t\t<\/div>\n\t\t\t\t<\/div>\n\t\t<div class=\"elementor-element elementor-element-99345ab e-con-full e-flex e-con e-child\" data-id=\"99345ab\" data-element_type=\"container\" data-e-type=\"container\">\n\t\t\t\t<div class=\"elementor-element elementor-element-19b788d elementor-widget elementor-widget-heading\" data-id=\"19b788d\" data-element_type=\"widget\" data-e-type=\"widget\" data-widget_type=\"heading.default\">\n\t\t\t\t<div class=\"elementor-widget-container\">\n\t\t\t\t\t<h2 class=\"elementor-heading-title elementor-size-default\">4<\/h2>\t\t\t\t<\/div>\n\t\t\t\t<\/div>\n\t\t\t\t<div class=\"elementor-element elementor-element-f1fa947 elementor-widget elementor-widget-spacer\" data-id=\"f1fa947\" data-element_type=\"widget\" data-e-type=\"widget\" data-widget_type=\"spacer.default\">\n\t\t\t\t<div class=\"elementor-widget-container\">\n\t\t\t\t\t\t\t<div class=\"elementor-spacer\">\n\t\t\t<div class=\"elementor-spacer-inner\"><\/div>\n\t\t<\/div>\n\t\t\t\t\t\t<\/div>\n\t\t\t\t<\/div>\n\t\t\t\t<div class=\"elementor-element elementor-element-747ec97 elementor-widget elementor-widget-text-editor\" data-id=\"747ec97\" data-element_type=\"widget\" data-e-type=\"widget\" data-widget_type=\"text-editor.default\">\n\t\t\t\t<div class=\"elementor-widget-container\">\n\t\t\t\t\t\t\t\t\t<h5>Lignes de visas pour avoir des permis de travail post \u00e9tudes.<\/h5><h5>Visas streams to get the post studywork permit<\/h5>\t\t\t\t\t\t\t\t<\/div>\n\t\t\t\t<\/div>\n\t\t\t\t<\/div>\n\t\t\t\t<\/div>\n\t\t<div class=\"elementor-element elementor-element-b1fed43 e-flex e-con-boxed e-con e-parent\" data-id=\"b1fed43\" data-element_type=\"container\" data-e-type=\"container\">\n\t\t\t\t\t<div class=\"e-con-inner\">\n\t\t\t\t<div class=\"elementor-element elementor-element-97c458a elementor-widget elementor-widget-heading\" data-id=\"97c458a\" data-element_type=\"widget\" data-e-type=\"widget\" data-widget_type=\"heading.default\">\n\t\t\t\t<div class=\"elementor-widget-container\">\n\t\t\t\t\t<h5 class=\"elementor-heading-title elementor-size-default\">4768 rue de Br\u00e9beuf. Montr\u00e9al (Qc) H2J 3L3<\/h5>\t\t\t\t<\/div>\n\t\t\t\t<\/div>\n\t\t\t\t<div class=\"elementor-element elementor-element-0b9dcfd elementor-widget elementor-widget-heading\" data-id=\"0b9dcfd\" data-element_type=\"widget\" data-e-type=\"widget\" data-widget_type=\"heading.default\">\n\t\t\t\t<div class=\"elementor-widget-container\">\n\t\t\t\t\t<h4 class=\"elementor-heading-title elementor-size-default\">Email: maria.villaveces@gmail.com<\/h4>\t\t\t\t<\/div>\n\t\t\t\t<\/div>\n\t\t\t\t<div class=\"elementor-element elementor-element-232ab03 elementor-widget elementor-widget-heading\" data-id=\"232ab03\" data-element_type=\"widget\" data-e-type=\"widget\" data-widget_type=\"heading.default\">\n\t\t\t\t<div class=\"elementor-widget-container\">\n\t\t\t\t\t<h4 class=\"elementor-heading-title elementor-size-default\">Tel \/ WhatsApp: + 1 438 528 7636<\/h4>\t\t\t\t<\/div>\n\t\t\t\t<\/div>\n\t\t\t\t\t<\/div>\n\t\t\t\t<\/div>\n\t\t<div class=\"elementor-element elementor-element-2c03d30 e-flex e-con-boxed e-con e-parent\" data-id=\"2c03d30\" data-element_type=\"container\" data-e-type=\"container\">\n\t\t\t\t\t<div class=\"e-con-inner\">\n\t\t\t\t\t<\/div>\n\t\t\t\t<\/div>\n\t\t<div class=\"elementor-element elementor-element-4a17483 e-flex e-con-boxed e-con e-parent\" data-id=\"4a17483\" data-element_type=\"container\" data-e-type=\"container\">\n\t\t\t\t\t<div class=\"e-con-inner\">\n\t\t\t\t<div class=\"elementor-element elementor-element-0927cf4 elementor-widget elementor-widget-google_maps\" data-id=\"0927cf4\" data-element_type=\"widget\" data-e-type=\"widget\" data-widget_type=\"google_maps.default\">\n\t\t\t\t<div class=\"elementor-widget-container\">\n\t\t\t\t\t\t\t<div class=\"elementor-custom-embed\">\n\t\t\t<iframe loading=\"lazy\"\n\t\t\t\t\tsrc=\"https:\/\/maps.google.com\/maps?q=MONTREAL&#038;t=m&#038;z=10&#038;output=embed&#038;iwloc=near\"\n\t\t\t\t\ttitle=\"MONTREAL\"\n\t\t\t\t\taria-label=\"MONTREAL\"\n\t\t\t><\/iframe>\n\t\t<\/div>\n\t\t\t\t\t\t<\/div>\n\t\t\t\t<\/div>\n\t\t\t\t\t<\/div>\n\t\t\t\t<\/div>\n\t\t<div class=\"elementor-element elementor-element-8efea08 e-flex e-con-boxed e-con e-parent\" data-id=\"8efea08\" data-element_type=\"container\" data-e-type=\"container\">\n\t\t\t\t\t<div class=\"e-con-inner\">\n\t\t\t\t\t<\/div>\n\t\t\t\t<\/div>\n\t\t\t\t<\/div>","protected":false},"excerpt":{"rendered":"<p>L&rsquo;immigration au Canada est complexe d\u00fb au nombre de lois et r\u00e8glements qui, en plus, changent constamment. \u00catre acompagn\u00e9(e) d&rsquo;une experte facilitera votre parcours. Mon objectif: vous aider avec vos d\u00e9marches d&rsquo;immigration au Canada. Maria Villaveces, PhD, CRIC R-713214 &amp; MIFI 12213 Immigration to Canada is complex due to the number of laws and regulations [&hellip;]<\/p>\n","protected":false},"author":1,"featured_media":0,"parent":0,"menu_order":0,"comment_status":"closed","ping_status":"closed","template":"","meta":{"footnotes":""},"class_list":["post-22","page","type-page","status-publish","hentry"],"_links":{"self":[{"href":"https:\/\/villavecesimmigration.com\/es\/wp-json\/wp\/v2\/pages\/22","targetHints":{"allow":["GET"]}}],"collection":[{"href":"https:\/\/villavecesimmigration.com\/es\/wp-json\/wp\/v2\/pages"}],"about":[{"href":"https:\/\/villavecesimmigration.com\/es\/wp-json\/wp\/v2\/types\/page"}],"author":[{"embeddable":true,"href":"https:\/\/villavecesimmigration.com\/es\/wp-json\/wp\/v2\/users\/1"}],"replies":[{"embeddable":true,"href":"https:\/\/villavecesimmigration.com\/es\/wp-json\/wp\/v2\/comments?post=22"}],"version-history":[{"count":310,"href":"https:\/\/villavecesimmigration.com\/es\/wp-json\/wp\/v2\/pages\/22\/revisions"}],"predecessor-version":[{"id":638,"href":"https:\/\/villavecesimmigration.com\/es\/wp-json\/wp\/v2\/pages\/22\/revisions\/638"}],"wp:attachment":[{"href":"https:\/\/villavecesimmigration.com\/es\/wp-json\/wp\/v2\/media?parent=22"}],"curies":[{"name":"wp","href":"https:\/\/api.w.org\/{rel}","templated":true}]}}